{"id":485,"date":"2025-02-12T11:43:30","date_gmt":"2025-02-12T10:43:30","guid":{"rendered":"https:\/\/dental-ellenberger.de\/?post_type=product&#038;p=485"},"modified":"2025-02-14T10:50:23","modified_gmt":"2025-02-14T09:50:23","slug":"unigloves-select-plus","status":"publish","type":"product","link":"https:\/\/dental-ellenberger.de\/index.php\/produkt\/unigloves-select-plus\/","title":{"rendered":"Unigloves Select Plus"},"content":{"rendered":"<div class=\"product_detail\">\n<div class=\"full_width\">\n<h2><strong>Der Griffige<\/strong><\/h2>\n<p>Der Select \u00ae Plus ist ein enorm <strong>griffiger, lebensmittelechter<\/strong> Einweghandschuh aus hochwertigem Naturlatex. Der medizinische Hygiene- und Schutzhandschuh ist besonders f\u00fcr den Gebrauch in Krankenh\u00e4usern und Arztpraxen, der Industrie- und Kosmetikbranche, sowie im Umgang mit Chemikalien geeignet.<\/p>\n<p>Gepr\u00fcft wurde der Select \u00ae Plus neben den Normen <strong>EN ISO 21420<\/strong> und <strong>EN 455<\/strong> nach der PSA-Verordnung <strong>(EU) 2016\/425<\/strong> gem\u00e4\u00df der europ\u00e4ischen Norm <strong>EN ISO 374-1<\/strong> als Chemikalienschutzhandschuh Klasse <strong>Typ B<\/strong>.<\/p>\n<p>Das besonders widerstandsf\u00e4hige Material ist wasserdicht und bietet Schutz gegen Viren, Pilze und Bakterien. Die <strong>mikroraue, veredelte Oberfl\u00e4che<\/strong> verleiht dem Handschuh seine <strong>enorme Griffigkei<\/strong>t und gew\u00e4hrleistet <strong>erstklassigen Halt\u00a0<\/strong>im Umgang mit glatten oder feuchten Gegenst\u00e4nden.<\/p>\n<p>Die Polymer-Innenbeschichtung und der stabile Rollrand des ungepuderten Handschuhs erm\u00f6glichen ein <strong>angenehmes und schnelles An- und Ausziehen<\/strong>. Die flexible Passform und das beidh\u00e4ndige Design gestalten den h\u00e4ufig wechselnden Gebrauch problemlos.<\/p>\n<p>Der Select \u00ae Plus ist in der <strong>Farbe Natur wei\u00df<\/strong> und den Gr\u00f6\u00dfen <strong>XS, S, M, L und XL<\/strong> erh\u00e4ltlich.<\/p>\n<\/div>\n<\/div>\n","protected":false},"excerpt":{"rendered":"<p>Der Griffige Der Select \u00ae Plus ist ein enorm griffiger, lebensmittelechter Einweghandschuh aus hochwertigem Naturlatex. Der medizinische Hygiene- und Schutzhandschuh ist besonders f\u00fcr den Gebrauch in Krankenh\u00e4usern und Arztpraxen, der Industrie- und Kosmetikbranche, sowie im Umgang mit Chemikalien geeignet. Gepr\u00fcft wurde der Select \u00ae Plus neben den Normen EN ISO 21420 und EN 455 nach [&hellip;]<\/p>\n","protected":false},"featured_media":496,"comment_status":"open","ping_status":"closed","template":"","meta":[],"product_brand":[35],"product_cat":[34],"product_tag":[61,43,41,62],"class_list":{"0":"post-485","1":"product","2":"type-product","3":"status-publish","4":"has-post-thumbnail","6":"product_brand-unigloves","7":"product_cat-handschuhe","8":"product_tag-einweghandschuhe","9":"product_tag-latex","10":"product_tag-latexhandschuhe","11":"product_tag-puderfrei","13":"first","14":"instock","15":"taxable","16":"shipping-taxable","17":"product-type-variable"},"_links":{"self":[{"href":"https:\/\/dental-ellenberger.de\/index.php\/wp-json\/wp\/v2\/product\/485","targetHints":{"allow":["GET"]}}],"collection":[{"href":"https:\/\/dental-ellenberger.de\/index.php\/wp-json\/wp\/v2\/product"}],"about":[{"href":"https:\/\/dental-ellenberger.de\/index.php\/wp-json\/wp\/v2\/types\/product"}],"replies":[{"embeddable":true,"href":"https:\/\/dental-ellenberger.de\/index.php\/wp-json\/wp\/v2\/comments?post=485"}],"wp:featuredmedia":[{"embeddable":true,"href":"https:\/\/dental-ellenberger.de\/index.php\/wp-json\/wp\/v2\/media\/496"}],"wp:attachment":[{"href":"https:\/\/dental-ellenberger.de\/index.php\/wp-json\/wp\/v2\/media?parent=485"}],"wp:term":[{"taxonomy":"product_brand","embeddable":true,"href":"https:\/\/dental-ellenberger.de\/index.php\/wp-json\/wp\/v2\/product_brand?post=485"},{"taxonomy":"product_cat","embeddable":true,"href":"https:\/\/dental-ellenberger.de\/index.php\/wp-json\/wp\/v2\/product_cat?post=485"},{"taxonomy":"product_tag","embeddable":true,"href":"https:\/\/dental-ellenberger.de\/index.php\/wp-json\/wp\/v2\/product_tag?post=485"}],"curies":[{"name":"wp","href":"https:\/\/api.w.org\/{rel}","templated":true}]}}