{"id":53,"date":"2025-02-12T10:44:38","date_gmt":"2025-02-12T09:44:38","guid":{"rendered":"https:\/\/dental-ellenberger.de\/?post_type=product&#038;p=53"},"modified":"2025-02-14T10:53:56","modified_gmt":"2025-02-14T09:53:56","slug":"unigloves-contact","status":"publish","type":"product","link":"https:\/\/dental-ellenberger.de\/index.php\/produkt\/unigloves-contact\/","title":{"rendered":"Unigloves Contact"},"content":{"rendered":"<div class=\"product_detail\">\n<div class=\"full_width\">\n<h2><strong>Der Sanfte<\/strong><\/h2>\n<p>Der <strong>Premium<\/strong>-Einweghandschuh Contact\u00ae ist durch seine <strong>Polymerbeschichtung<\/strong> ein besonders <strong>sanfter<\/strong> Hygiene- und Schutzhandschuh, der sich f\u00fcr den Gebrauch in medizinischen Bereichen, sowie der Lebensmittel-und Kosmetikbranche und im Umgang mit Chemikalien eignet.<\/p>\n<p>Der aus <strong>hochwertigem Naturlatex<\/strong> gefertigte Einweghandschuh ist neben den Normen <strong>EN ISO 21420<\/strong> und <strong>EN 455<\/strong> nach der <strong>PSA-Verordnung (EU) 2016\/425<\/strong> gem\u00e4\u00df der europ\u00e4ischen Norm <strong>EN ISO 374-1<\/strong> als Chemikalienschutzhandschuh Klasse <strong>Typ B<\/strong> zertifiziert und kommt vor allem in Krankenh\u00e4usern und Arztpraxen zum Einsatz.<\/p>\n<p>Das wasserdichte Material ist <strong>sp\u00fcrbar sanft<\/strong> und zeichnet sich durch <strong>pr\u00e4zises Tastempfinden<\/strong> sowie hohen Tragekomfort aus. Durch die <strong>Polymerbeschichtung<\/strong> ist der Contact\u00ae \u00e4u\u00dferst hautfreundlich, denn diese bildet eine Barriere zwischen dem Latexmaterial und dem Tr\u00e4ger. Zugleich bietet der strapazierf\u00e4hige Handschuh verl\u00e4sslichen <strong>Schutz gegen Viren, Pilze und Bakterien.\u00a0<\/strong><\/p>\n<p>Die <strong>mikrogeraute<\/strong> Handfl\u00e4che gew\u00e4hrleistet einen sicheren Griff sowie Rutschfestigkeit auf unterschiedlichen Oberfl\u00e4chen. Der <strong>puderfreie<\/strong> Handschuh ist <strong>chlorfrei<\/strong> und l\u00e4sst sich anhand der <strong>Polymer-Innenbeschichtung<\/strong> und dem stabilen Rollrand einfach an- und ausziehen. F\u00fcr eine schnelle und h\u00e4ufig wechselnde Nutzung ist das beidh\u00e4ndige Design ebenfalls von Vorteil.<\/p>\n<p>Der Contact\u00ae ist in der <strong>Farbe Natur Wei\u00df<\/strong> sowie den Gr\u00f6\u00dfen <strong>XS,<\/strong> <strong>S, M, L und XL<\/strong> erh\u00e4ltlich.<\/p>\n<\/div>\n<\/div>\n","protected":false},"excerpt":{"rendered":"<div class=\"grid_item col_1_2\">\n<table class=\"variant_attribute_table\">\n<tbody>\n<tr>\n<th class=\"attribute_names\" scope=\"row\">Medizinprodukt Klasse<\/th>\n<td>I<\/td>\n<\/tr>\n<tr>\n<th class=\"attribute_names\" scope=\"row\">Verpackungsinhalt<\/th>\n<td>100<\/td>\n<\/tr>\n<tr>\n<th class=\"attribute_names\" scope=\"row\">Inhalt je Umverpackung<\/th>\n<td>10<\/td>\n<\/tr>\n<tr>\n<th class=\"attribute_names\" scope=\"row\"><\/th>\n<td><\/td>\n<\/tr>\n<tr>\n<th class=\"attribute_names\" scope=\"row\"><\/th>\n<td><\/td>\n<\/tr>\n<\/tbody>\n<\/table>\n<\/div>\n<div class=\"grid_item col_1_2\">\n<table class=\"variant_attribute_table\">\n<colgroup>\n<col \/>\n<col class=\"attribute_values\" \/><\/colgroup>\n<tbody>\n<tr>\n<th class=\"attribute_names\" scope=\"row\">Material<\/th>\n<td>Latex<\/td>\n<\/tr>\n<tr>\n<th class=\"attribute_names\" scope=\"row\">Farbe<\/th>\n<td>Natur<\/td>\n<\/tr>\n<tr>\n<th class=\"attribute_names\" scope=\"row\">L\u00e4nge<\/th>\n<td>240 mm<\/td>\n<\/tr>\n<tr>\n<th class=\"attribute_names\" scope=\"row\">AQL<\/th>\n<td>1,5<\/td>\n<\/tr>\n<tr>\n<th class=\"attribute_names\" scope=\"row\">Gr\u00f6\u00dfe<\/th>\n<td>XS (5,0-6,0), S (6,0-7,0), M (7,0-8,0), L (8,0-9,0), XL (9,0-10,0)<\/td>\n<\/tr>\n<tr>\n<th class=\"attribute_names\" scope=\"row\">Produktmerkmale<\/th>\n<td>innen-Polymerbeschichtung, Farbleitsystem, mikrogeraute Handfl\u00e4che, puderfrei, Rollrand, unsteril, Au\u00dfen-Polymerbeschichtung<\/td>\n<\/tr>\n<tr>\n<th class=\"attribute_names\" scope=\"row\">Klassifikation<\/th>\n<td>EN 455 T 1-4, CE<\/td>\n<\/tr>\n<\/tbody>\n<\/table>\n<\/div>\n","protected":false},"featured_media":56,"comment_status":"open","ping_status":"closed","template":"","meta":[],"product_brand":[35],"product_cat":[34],"product_tag":[61,43,41,62],"class_list":{"0":"post-53","1":"product","2":"type-product","3":"status-publish","4":"has-post-thumbnail","6":"product_brand-unigloves","7":"product_cat-handschuhe","8":"product_tag-einweghandschuhe","9":"product_tag-latex","10":"product_tag-latexhandschuhe","11":"product_tag-puderfrei","13":"first","14":"instock","15":"taxable","16":"shipping-taxable","17":"product-type-variable"},"_links":{"self":[{"href":"https:\/\/dental-ellenberger.de\/index.php\/wp-json\/wp\/v2\/product\/53","targetHints":{"allow":["GET"]}}],"collection":[{"href":"https:\/\/dental-ellenberger.de\/index.php\/wp-json\/wp\/v2\/product"}],"about":[{"href":"https:\/\/dental-ellenberger.de\/index.php\/wp-json\/wp\/v2\/types\/product"}],"replies":[{"embeddable":true,"href":"https:\/\/dental-ellenberger.de\/index.php\/wp-json\/wp\/v2\/comments?post=53"}],"wp:featuredmedia":[{"embeddable":true,"href":"https:\/\/dental-ellenberger.de\/index.php\/wp-json\/wp\/v2\/media\/56"}],"wp:attachment":[{"href":"https:\/\/dental-ellenberger.de\/index.php\/wp-json\/wp\/v2\/media?parent=53"}],"wp:term":[{"taxonomy":"product_brand","embeddable":true,"href":"https:\/\/dental-ellenberger.de\/index.php\/wp-json\/wp\/v2\/product_brand?post=53"},{"taxonomy":"product_cat","embeddable":true,"href":"https:\/\/dental-ellenberger.de\/index.php\/wp-json\/wp\/v2\/product_cat?post=53"},{"taxonomy":"product_tag","embeddable":true,"href":"https:\/\/dental-ellenberger.de\/index.php\/wp-json\/wp\/v2\/product_tag?post=53"}],"curies":[{"name":"wp","href":"https:\/\/api.w.org\/{rel}","templated":true}]}}