{"id":60,"date":"2025-02-12T11:43:29","date_gmt":"2025-02-12T10:43:29","guid":{"rendered":"https:\/\/dental-ellenberger.de\/?post_type=product&#038;p=60"},"modified":"2025-02-14T10:52:39","modified_gmt":"2025-02-14T09:52:39","slug":"unigloves-lano-e-gel","status":"publish","type":"product","link":"https:\/\/dental-ellenberger.de\/index.php\/produkt\/unigloves-lano-e-gel\/","title":{"rendered":"Unigloves LANO-E-GEL"},"content":{"rendered":"<div class=\"product_detail\">\n<div class=\"full_width\">\n<p><strong>Der Pflegende<\/strong><\/p>\n<p>Der aus Latex gefertigte <strong>Pemium<\/strong>-Einweghandschuh <strong>Lano-E Gel<\/strong> zeichnet sich durch seine <strong>pflegende Wirkung<\/strong> von Vitamin E und Lanolin aus. Der Hygiene- und Schutzhandschuh ist f\u00fcr den Einsatz in Krankenh\u00e4usern, Arztpraxen sowie der Lebensmittel-und Kosmetikbranche und im Umgang mit Chemikalien geeignet.<\/p>\n<p>Der vielseitig einsetzbare medizinische Einweghandschuh ist neben den <strong>Normen EN ISO 21420<\/strong> und <strong>EN 455<\/strong> nach der <strong>PSA-Verordnung (EU) 2016\/425<\/strong> gem\u00e4\u00df der europ\u00e4ischen Norm <strong>EN ISO 374-1<\/strong> als Chemikalienschutzhandschuh Klasse <strong>Typ B<\/strong> zertifiziert.<\/p>\n<p>Das widerstandsf\u00e4hige sowie wasserdichte Material bietet Schutz gegen <strong>Viren, Pilze und Bakterien<\/strong>. Die <strong>mikrogeraute Handfl\u00e4che<\/strong> des Lano-E Gels sorgt f\u00fcr sicheren Halt und Rutschfestigkeit im Umgang mit unterschiedlichen Oberfl\u00e4chen. Der Latexhandschuh ist \u00e4u\u00dferst dehnbar und mit einem Proteingehalt von weniger als 50 \u00b5g\/dm\u00b2 auch f\u00fcr <strong>empfindliche Haut geeignet<\/strong>. Der ungepuderte Handschuh l\u00e4sst sich dank seiner flexiblen Passform sowie der Chlorinierung und dem stabilen Rollrand geschmeidig an- und ausziehen.<\/p>\n<p>Das beidh\u00e4ndige Design unterst\u00fctzt zudem den schnellen und h\u00e4ufig wechselnden Gebrauch. Der Lano-E Gel ist in der <strong>Farbe Natur<\/strong> und den Gr\u00f6\u00dfen <strong>XS, S, M, L und XL<\/strong> erh\u00e4ltlich.<\/p>\n<\/div>\n<\/div>\n","protected":false},"excerpt":{"rendered":"<p>Der Pflegende Der aus Latex gefertigte Pemium-Einweghandschuh Lano-E Gel zeichnet sich durch seine pflegende Wirkung von Vitamin E und Lanolin aus. Der Hygiene- und Schutzhandschuh ist f\u00fcr den Einsatz in Krankenh\u00e4usern, Arztpraxen sowie der Lebensmittel-und Kosmetikbranche und im Umgang mit Chemikalien geeignet. Der vielseitig einsetzbare medizinische Einweghandschuh ist neben den Normen EN ISO 21420 und [&hellip;]<\/p>\n","protected":false},"featured_media":61,"comment_status":"open","ping_status":"closed","template":"","meta":[],"product_brand":[35],"product_cat":[34],"product_tag":[61,43,41,62],"class_list":{"0":"post-60","1":"product","2":"type-product","3":"status-publish","4":"has-post-thumbnail","6":"product_brand-unigloves","7":"product_cat-handschuhe","8":"product_tag-einweghandschuhe","9":"product_tag-latex","10":"product_tag-latexhandschuhe","11":"product_tag-puderfrei","13":"first","14":"instock","15":"taxable","16":"shipping-taxable","17":"product-type-simple"},"_links":{"self":[{"href":"https:\/\/dental-ellenberger.de\/index.php\/wp-json\/wp\/v2\/product\/60","targetHints":{"allow":["GET"]}}],"collection":[{"href":"https:\/\/dental-ellenberger.de\/index.php\/wp-json\/wp\/v2\/product"}],"about":[{"href":"https:\/\/dental-ellenberger.de\/index.php\/wp-json\/wp\/v2\/types\/product"}],"replies":[{"embeddable":true,"href":"https:\/\/dental-ellenberger.de\/index.php\/wp-json\/wp\/v2\/comments?post=60"}],"wp:featuredmedia":[{"embeddable":true,"href":"https:\/\/dental-ellenberger.de\/index.php\/wp-json\/wp\/v2\/media\/61"}],"wp:attachment":[{"href":"https:\/\/dental-ellenberger.de\/index.php\/wp-json\/wp\/v2\/media?parent=60"}],"wp:term":[{"taxonomy":"product_brand","embeddable":true,"href":"https:\/\/dental-ellenberger.de\/index.php\/wp-json\/wp\/v2\/product_brand?post=60"},{"taxonomy":"product_cat","embeddable":true,"href":"https:\/\/dental-ellenberger.de\/index.php\/wp-json\/wp\/v2\/product_cat?post=60"},{"taxonomy":"product_tag","embeddable":true,"href":"https:\/\/dental-ellenberger.de\/index.php\/wp-json\/wp\/v2\/product_tag?post=60"}],"curies":[{"name":"wp","href":"https:\/\/api.w.org\/{rel}","templated":true}]}}