{"id":66,"date":"2025-02-12T11:43:29","date_gmt":"2025-02-12T10:43:29","guid":{"rendered":"https:\/\/dental-ellenberger.de\/?post_type=product&#038;p=66"},"modified":"2025-02-12T11:45:36","modified_gmt":"2025-02-12T10:45:36","slug":"unigloves-safetec","status":"publish","type":"product","link":"https:\/\/dental-ellenberger.de\/index.php\/produkt\/unigloves-safetec\/","title":{"rendered":"Unigloves SAFETEC"},"content":{"rendered":"<p>Der lebensmittelechte Hygiene- und Schutzhandschuh Safetec ist aus hochwertigem Naturlatex gefertigt und besticht durch <strong>hohe Widerstandsf\u00e4higkeit<\/strong>. Der flexible Einweghandschuh kommt sowohl in der Gastronomie als auch im medizinischen Bereich in Krankenh\u00e4usern und Arztpraxen zum Einsatz. Gepr\u00fcft wurde der Handschuh nach der <strong>PSA-Verordnung (EU) 2016\/425<\/strong> sowie den europ\u00e4ischen Normen <strong>EN 374, EN 420 und EN 455<\/strong>. Das wasserdichte Material zeichnet sich durch seine Strapazierf\u00e4higkeit aus und bietet hervorragenden Schutz gegen Viren, Pilze und Bakterien. Die Handfl\u00e4chen und Fingerspitzen des Safetecs sind <strong>mikrogeraut<\/strong>, um Rutschfestigkeit und einen sicheren Umgang mit unterschiedlichen Oberfl\u00e4chen zu gew\u00e4hrleisten. Der puderfreie Handschuh l\u00e4sst sich dank seines stabilen Rollrand sowie der flexiblen Passform problemlos an- und ausziehen. Zudem vereinfacht das beidh\u00e4ndige Design die schnelle und wechselnde Nutzung. Der Safetec ist in der Farbe <strong>Natur Wei\u00df<\/strong> und den Gr\u00f6\u00dfen <strong>XS, S, M, L und XL<\/strong> erh\u00e4ltlich.<\/p>\n","protected":false},"excerpt":{"rendered":"<p>Der lebensmittelechte Hygiene- und Schutzhandschuh Safetec ist aus hochwertigem Naturlatex gefertigt und besticht durch hohe Widerstandsf\u00e4higkeit. Der flexible Einweghandschuh kommt sowohl in der Gastronomie als auch im medizinischen Bereich in Krankenh\u00e4usern und Arztpraxen zum Einsatz. Gepr\u00fcft wurde der Handschuh nach der PSA-Verordnung (EU) 2016\/425 sowie den europ\u00e4ischen Normen EN 374, EN 420 und EN 455. [&hellip;]<\/p>\n","protected":false},"featured_media":69,"comment_status":"open","ping_status":"closed","template":"","meta":[],"product_brand":[35],"product_cat":[34],"product_tag":[61,43,41,62],"class_list":{"0":"post-66","1":"product","2":"type-product","3":"status-publish","4":"has-post-thumbnail","6":"product_brand-unigloves","7":"product_cat-handschuhe","8":"product_tag-einweghandschuhe","9":"product_tag-latex","10":"product_tag-latexhandschuhe","11":"product_tag-puderfrei","13":"first","14":"instock","15":"taxable","16":"shipping-taxable","17":"product-type-simple"},"_links":{"self":[{"href":"https:\/\/dental-ellenberger.de\/index.php\/wp-json\/wp\/v2\/product\/66","targetHints":{"allow":["GET"]}}],"collection":[{"href":"https:\/\/dental-ellenberger.de\/index.php\/wp-json\/wp\/v2\/product"}],"about":[{"href":"https:\/\/dental-ellenberger.de\/index.php\/wp-json\/wp\/v2\/types\/product"}],"replies":[{"embeddable":true,"href":"https:\/\/dental-ellenberger.de\/index.php\/wp-json\/wp\/v2\/comments?post=66"}],"wp:featuredmedia":[{"embeddable":true,"href":"https:\/\/dental-ellenberger.de\/index.php\/wp-json\/wp\/v2\/media\/69"}],"wp:attachment":[{"href":"https:\/\/dental-ellenberger.de\/index.php\/wp-json\/wp\/v2\/media?parent=66"}],"wp:term":[{"taxonomy":"product_brand","embeddable":true,"href":"https:\/\/dental-ellenberger.de\/index.php\/wp-json\/wp\/v2\/product_brand?post=66"},{"taxonomy":"product_cat","embeddable":true,"href":"https:\/\/dental-ellenberger.de\/index.php\/wp-json\/wp\/v2\/product_cat?post=66"},{"taxonomy":"product_tag","embeddable":true,"href":"https:\/\/dental-ellenberger.de\/index.php\/wp-json\/wp\/v2\/product_tag?post=66"}],"curies":[{"name":"wp","href":"https:\/\/api.w.org\/{rel}","templated":true}]}}