{"id":829,"date":"2025-02-24T12:26:54","date_gmt":"2025-02-24T11:26:54","guid":{"rendered":"https:\/\/dental-ellenberger.de\/?post_type=product&#038;p=829"},"modified":"2025-02-24T12:26:54","modified_gmt":"2025-02-24T11:26:54","slug":"unigloves-vliestuchspendereimer","status":"publish","type":"product","link":"https:\/\/dental-ellenberger.de\/index.php\/produkt\/unigloves-vliestuchspendereimer\/","title":{"rendered":"Unigloves Vliestuchspendereimer"},"content":{"rendered":"<div class=\"product_detail\">\n<div class=\"full_width\">\n<p>Die Unigloves Vliestuchspender-Eimer sind eine praktische L\u00f6sung f\u00fcr die Aufbewahrung von getr\u00e4nkten und ungetr\u00e4nkten Vliest\u00fcchern. Diese Eimer bieten eine bequeme und hygienische M\u00f6glichkeit, T\u00fccher zu entnehmen und zu verwenden, ohne dass sie von Staub oder Schmutzpartikeln verunreinigt werden. Sie k\u00f6nnen f\u00fcr eine Vielzahl von Reinigungsarbeiten eingesetzt werden, wie z.B. in der Gastronomie, im Gesundheitswesen, im Einzelhandel und in der Industrie.<\/p>\n<p>Die Eimer sind aus robustem Kunststoff gefertigt und verf\u00fcgen \u00fcber einen Deckel, der die T\u00fccher vor dem Austrocknen sch\u00fctzt.<\/p>\n<p>Insgesamt sind Vliestuchspender-Eimer eine \u00e4u\u00dferst n\u00fctzliche L\u00f6sung f\u00fcr die Aufbewahrung von Vliest\u00fcchern, die f\u00fcr eine Vielzahl von Anwendungen geeignet sind. Sie sind hygienisch, einfach zu bedienen und k\u00f6nnen dazu beitragen, die Reinigungsarbeiten schneller und effektiver zu erledigen.<\/p>\n<\/div>\n<\/div>\n","protected":false},"excerpt":{"rendered":"<p>Medizinprodukt Klasse: keine<\/p>\n<p>Farbe: wei\u00df<\/p>\n<p>Produktmerkmale: Blattgr\u00f6\u00dfe bis zu 30 x 30 cm, Entnahme\u00f6ffnung innenliegend weiss, perfekte Handhabung, universeller, wiederverschlie\u00dfbarer Spendereimer, verdunstungsfrei<\/p>\n","protected":false},"featured_media":830,"comment_status":"open","ping_status":"closed","template":"","meta":[],"product_brand":[35],"product_cat":[65,73],"product_tag":[],"class_list":{"0":"post-829","1":"product","2":"type-product","3":"status-publish","4":"has-post-thumbnail","6":"product_brand-unigloves","7":"product_cat-desinfektion","8":"product_cat-zubehoer-hilfsmittel","10":"first","11":"instock","12":"taxable","13":"shipping-taxable","14":"product-type-variable"},"_links":{"self":[{"href":"https:\/\/dental-ellenberger.de\/index.php\/wp-json\/wp\/v2\/product\/829","targetHints":{"allow":["GET"]}}],"collection":[{"href":"https:\/\/dental-ellenberger.de\/index.php\/wp-json\/wp\/v2\/product"}],"about":[{"href":"https:\/\/dental-ellenberger.de\/index.php\/wp-json\/wp\/v2\/types\/product"}],"replies":[{"embeddable":true,"href":"https:\/\/dental-ellenberger.de\/index.php\/wp-json\/wp\/v2\/comments?post=829"}],"wp:featuredmedia":[{"embeddable":true,"href":"https:\/\/dental-ellenberger.de\/index.php\/wp-json\/wp\/v2\/media\/830"}],"wp:attachment":[{"href":"https:\/\/dental-ellenberger.de\/index.php\/wp-json\/wp\/v2\/media?parent=829"}],"wp:term":[{"taxonomy":"product_brand","embeddable":true,"href":"https:\/\/dental-ellenberger.de\/index.php\/wp-json\/wp\/v2\/product_brand?post=829"},{"taxonomy":"product_cat","embeddable":true,"href":"https:\/\/dental-ellenberger.de\/index.php\/wp-json\/wp\/v2\/product_cat?post=829"},{"taxonomy":"product_tag","embeddable":true,"href":"https:\/\/dental-ellenberger.de\/index.php\/wp-json\/wp\/v2\/product_tag?post=829"}],"curies":[{"name":"wp","href":"https:\/\/api.w.org\/{rel}","templated":true}]}}