{"id":865,"date":"2025-03-11T11:15:20","date_gmt":"2025-03-11T10:15:20","guid":{"rendered":"https:\/\/dental-ellenberger.de\/?post_type=product&#038;p=865"},"modified":"2025-03-11T11:15:20","modified_gmt":"2025-03-11T10:15:20","slug":"absaugkanuelen-top-tips-kids","status":"publish","type":"product","link":"https:\/\/dental-ellenberger.de\/index.php\/produkt\/absaugkanuelen-top-tips-kids\/","title":{"rendered":"Absaugkan\u00fclen Top Tips | Kids"},"content":{"rendered":"<p>Unsere TOP TIPS haben eine <strong>extrem geringe Ger\u00e4uschentwicklung<\/strong>.<\/p>\n<p>Sie werden aus Polyethylene hergestellt und verf\u00fcgen \u00fcber eine speziell texturierte Oberfl\u00e4che. Und das aus zwei Gr\u00fcnden: Einerseits haben Sie einen <strong>besseren Grip<\/strong> beim Verwenden, andererseits werden die <strong>Lichtreflexionen<\/strong> f\u00fcr ein sichereres Arbeiten <strong>minimiert<\/strong>.<\/p>\n<p>TOP TIPS sind auch f\u00fcr den <strong>Autoklav mit Temperaturen bis 134\u00b0C geeignet.<\/strong><\/p>\n<p>TOP TIPS sind in einer Kinder- und einer Erwachsenengr\u00f6\u00dfe verf\u00fcgbar.<\/p>\n<p>&nbsp;<\/p>\n<p><strong>ZERTIFIKATE<\/strong><\/p>\n<p><img decoding=\"async\" class=\"alignnone size-full wp-image-864\" src=\"https:\/\/dental-ellenberger.de\/wp-content\/uploads\/2025\/03\/CE-Mark-black-60x43-1.png\" alt=\"\" width=\"60\" height=\"43\" \/><\/p>\n","protected":false},"excerpt":{"rendered":"<p>L\u00e4nge 108 mm | Durchmesser 16 mm |<\/p>\n<p><img decoding=\"async\" class=\"wp-image-898 alignnone\" src=\"https:\/\/dental-ellenberger.de\/wp-content\/uploads\/2025\/03\/ABSB1-AZ-L-004-300x200.jpg\" alt=\"\" width=\"152\" height=\"101\" srcset=\"https:\/\/dental-ellenberger.de\/wp-content\/uploads\/2025\/03\/ABSB1-AZ-L-004-300x200.jpg 300w, https:\/\/dental-ellenberger.de\/wp-content\/uploads\/2025\/03\/ABSB1-AZ-L-004-1024x683.jpg 1024w, https:\/\/dental-ellenberger.de\/wp-content\/uploads\/2025\/03\/ABSB1-AZ-L-004-768x512.jpg 768w, https:\/\/dental-ellenberger.de\/wp-content\/uploads\/2025\/03\/ABSB1-AZ-L-004-1536x1024.jpg 1536w, https:\/\/dental-ellenberger.de\/wp-content\/uploads\/2025\/03\/ABSB1-AZ-L-004-2048x1365.jpg 2048w, https:\/\/dental-ellenberger.de\/wp-content\/uploads\/2025\/03\/ABSB1-AZ-L-004-600x400.jpg 600w\" sizes=\"(max-width: 152px) 100vw, 152px\" \/>10 St\u00fcck im Polybeutel<\/p>\n","protected":false},"featured_media":866,"comment_status":"open","ping_status":"closed","template":"","meta":[],"product_brand":[36],"product_cat":[66],"product_tag":[],"class_list":{"0":"post-865","1":"product","2":"type-product","3":"status-publish","4":"has-post-thumbnail","6":"product_brand-akzenta","7":"product_cat-dentalbedarf","9":"first","10":"instock","11":"taxable","12":"shipping-taxable","13":"product-type-variable"},"_links":{"self":[{"href":"https:\/\/dental-ellenberger.de\/index.php\/wp-json\/wp\/v2\/product\/865","targetHints":{"allow":["GET"]}}],"collection":[{"href":"https:\/\/dental-ellenberger.de\/index.php\/wp-json\/wp\/v2\/product"}],"about":[{"href":"https:\/\/dental-ellenberger.de\/index.php\/wp-json\/wp\/v2\/types\/product"}],"replies":[{"embeddable":true,"href":"https:\/\/dental-ellenberger.de\/index.php\/wp-json\/wp\/v2\/comments?post=865"}],"wp:featuredmedia":[{"embeddable":true,"href":"https:\/\/dental-ellenberger.de\/index.php\/wp-json\/wp\/v2\/media\/866"}],"wp:attachment":[{"href":"https:\/\/dental-ellenberger.de\/index.php\/wp-json\/wp\/v2\/media?parent=865"}],"wp:term":[{"taxonomy":"product_brand","embeddable":true,"href":"https:\/\/dental-ellenberger.de\/index.php\/wp-json\/wp\/v2\/product_brand?post=865"},{"taxonomy":"product_cat","embeddable":true,"href":"https:\/\/dental-ellenberger.de\/index.php\/wp-json\/wp\/v2\/product_cat?post=865"},{"taxonomy":"product_tag","embeddable":true,"href":"https:\/\/dental-ellenberger.de\/index.php\/wp-json\/wp\/v2\/product_tag?post=865"}],"curies":[{"name":"wp","href":"https:\/\/api.w.org\/{rel}","templated":true}]}}